{"id":11,"date":"2021-06-21T10:54:37","date_gmt":"2021-06-21T14:54:37","guid":{"rendered":"https:\/\/www.cgtsim.qc.ca\/?page_id=11"},"modified":"2026-03-30T22:11:16","modified_gmt":"2026-03-31T02:11:16","slug":"home","status":"publish","type":"page","link":"https:\/\/www.cgtsim.qc.ca\/en\/","title":{"rendered":"Home"},"content":{"rendered":"\n<h2 class=\"wp-block-heading\"><\/h2>\n\n\n<section class=\"header-banner-block theme-block alignwide\"   style=\"background-image:url(https:\/\/www.cgtsim.qc.ca\/wp-content\/uploads\/2021\/06\/iStock-1011642904-1.jpg);\"\n>\n  <div class=\"header-banner__background\" role=\"presentation\"><\/div>\n  <div class=\"header-banner__inner\">\n    <div class=\"header-banner__divider\" role=\"presentation\"><\/div>\n    <h1>Works in collaboration with school service centres and school boards on the island of Montr\u00e9al<\/h1>\n  <\/div>\n<\/section>\n\n\n\n  <section class=\"calls-to-action-block theme-block alignwide\">\n    <div class=\"calls-to-action-block__background\" role=\"presentation\"><\/div>\n    <div class=\"calls-to-action__columns\">\n              <div class=\"calls-to-action__columns__item\">\n          <a href='https:\/\/www.cgtsim.qc.ca\/wp-content\/uploads\/2026\/02\/Rapport-annuel-2024-2025_EN.pdf' class=\"calls-to-action__columns__item__link\">                          <i class=\"icon-rapport-annuel\"><\/i>\n                        <span>2024-2025 Annual Report<\/span>\n                      <\/a>\n                  <\/div>\n              <div class=\"calls-to-action__columns__item\">\n          <a href='https:\/\/www.cgtsim.qc.ca\/wp-content\/uploads\/2024\/09\/Plan-strategique-FR_site-web.pdf' class=\"calls-to-action__columns__item__link\">                          <i class=\"icon-systeme-dachat-cooperatif\"><\/i>\n                        <span>2024-2027 Strategic Plan (French only)<\/span>\n                      <\/a>\n                  <\/div>\n              <div class=\"calls-to-action__columns__item\">\n          <a href=\"https:\/\/tfp.cgtsim.qc.ca\/asp\/TFP.aspx?jlsid=1&amp;jlrun=tfpint.general.Accueil&amp;jlact=BTN_English\" class=\"calls-to-action__columns__item__link\" target=\"_blank\" rel=\"noopener\">                          <i class=\"icon-taxe-scolaire-et-facture-en-ligne\"><\/i>\n                        <span>Online School Tax<\/span>\n                      <\/a>\n                  <\/div>\n          <\/div>\n  <\/section>\n  \n\n\n<div class=\"wp-block-media-text alignfull has-media-on-the-right is-stacked-on-mobile is-vertically-aligned-top\" style=\"grid-template-columns:auto 30%\"><div class=\"wp-block-media-text__content\">\n<h2 class=\"wp-block-heading alignfull is-style-has-divider\">What&#8217;s new<\/h2>\n<div class=\"heading-divider\" role=\"presentation\"><\/div>\n\n\n<h4 class=\"wp-block-heading\">Payment reminder notices sent<\/h4>\n\n\n\n<p>Payment reminder notices were sent in February to property owners who have not yet paid their school tax for the 2025-2026 year.<\/p>\n\n\n\n<p>The first instalment was due on August 4, 2025, and the second instalment (if applicable) was due on October 31, 2025.<\/p>\n\n\n\n<p>For any questions or assistance, please <a href=\"https:\/\/www.cgtsim.qc.ca\/en\/school-tax-2\/\">message our customer service<\/a> or call 514-384-5034.<\/p>\n\n\n\n<hr class=\"wp-block-separator has-alpha-channel-opacity\"\/>\n\n\n\n<h4 class=\"wp-block-heading\">Job openings or general application<\/h4>\n\n\n\n<p>Would you like to work at CGTSIM? Check our current job openings or submit a general application. Please send your r\u00e9sum\u00e9 to the Human Resources Department at the following address: <a>rh@cgtsim.qc.ca<\/a>.<\/p>\n\n\n\n<p>Internship applications may also be sent to this address.<\/p>\n\n\n\n<p>The CGTSIM is seeking candidates for the following position(s):<\/p>\n\n\n\n<p><em>No posting at the moment.<\/em><\/p>\n\n\n\n<hr class=\"wp-block-separator has-alpha-channel-opacity\"\/>\n\n\n\n<h4 class=\"wp-block-heading\">Protection of personal information<\/h4>\n\n\n\n<p>The Commission d&#8217;acc\u00e8s \u00e0 l&#8217;information du Qu\u00e9bec reminds public organizations that certain provisions of the Act to modernize legislative provisions respecting the protection of personal information in the private sector, also known as Bill 25, came into force on September 22, 2022. This reform modernizes the rules protecting personal information in Qu\u00e9bec, so that they are better adapted to the new challenges posed by today&#8217;s digital and technological environment.<\/p>\n\n\n\n<p>To this end, please consult our new Privacy Policy. <a href=\"https:\/\/www.cgtsim.qc.ca\/wp-content\/uploads\/2022\/09\/Politique-protection-renseignements-personnels_-Adoptee-15-09-22-1.pdf\" data-type=\"URL\" data-id=\"https:\/\/www.cgtsim.qc.ca\/wp-content\/uploads\/2022\/09\/Politique-protection-renseignements-personnels_-Adoptee-15-09-22-1.pdf\">Politique de protection des renseignements personnels<\/a>.<\/p>\n\n\n\n<p>Throughout the year, training on the main issues covered by Law 25 will be deployed to all CGTSIM staff.<\/p>\n\n\n\n<div class=\"wp-block-buttons is-layout-flex wp-block-buttons-is-layout-flex\">\n<div class=\"wp-block-button\"><a class=\"wp-block-button__link wp-element-button\" href=\"https:\/\/www.cgtsim.qc.ca\/en\/about-us\/whats-new\/\">See all news<\/a><\/div>\n<\/div>\n\n\n\n<p><\/p>\n<\/div><figure class=\"wp-block-media-text__media\"><img loading=\"lazy\" decoding=\"async\" width=\"720\" height=\"600\" src=\"https:\/\/www.cgtsim.qc.ca\/wp-content\/uploads\/2021\/06\/bloc-accueil-1.jpg\" alt=\"\" class=\"wp-image-839 size-full\" srcset=\"https:\/\/www.cgtsim.qc.ca\/wp-content\/uploads\/2021\/06\/bloc-accueil-1.jpg 720w, https:\/\/www.cgtsim.qc.ca\/wp-content\/uploads\/2021\/06\/bloc-accueil-1-300x250.jpg 300w\" sizes=\"auto, (max-width: 720px) 100vw, 720px\" \/><\/figure><\/div>\n\n\n\n  <section class=\"featured-posts-block theme-block alignwide\">\n          <div class=\"listing-heading\">\n        <h2 class=\"listing-heading__title\">Publications<\/h2>\n        <div class=\"listing-heading__divider\" role=\"presentation\"><\/div>\n      <\/div>\n        <div class=\"featured-posts__carousel swiper-container\">\n      <div class=\"swiper-wrapper\">\n        \n<div class=\"post-item swiper-slide\">\n  <div class=\"post-item__inner\">\n    <a href=\"https:\/\/www.cgtsim.qc.ca\/wp-content\/uploads\/2024\/01\/Carte_reussite_scolaire_et_defavorisation_sociale_2023_en_1page.pdf\" target=\"_blank\" class=\"post-item__link\" rel=\"noopener noreferrer\">              <i class=\"post-item__icon icon-document\" role=\"presentation\"><\/i>\n            <h3 class=\"post-item__title\">Map of academic achievement and social deprivation on the island of Montr\u00e9al 2023<\/h3>\n    <\/a>\n  <\/div>\n<\/div>\n\n<div class=\"post-item swiper-slide\">\n  <div class=\"post-item__inner\">\n    <a href='' target='_blank' class=\"post-item__link\" rel=\"noopener noreferrer\">              <i class=\"post-item__icon icon-document\" role=\"presentation\"><\/i>\n            <h3 class=\"post-item__title\">Classification des \u00e9coles primaires et secondaires &#8211; Inscriptions au 4 novembre 2022<\/h3>\n    <\/a>\n  <\/div>\n<\/div>\n      <\/div>\n    <\/div>\n          <div class=\"featured-posts__link-wrapper\">\n        <a href=\"https:\/\/www.cgtsim.qc.ca\/en\/publications\/\">See all publications<\/a>      <\/div>\n      <\/section>\n  \n\n<div class=\"block-background-section alignwide\">\n    <span class=\"block-accordion__label\">Background Section<\/span>\n    <h3 class=\"block-accordion__title\">Useful links<\/h3>\n    \n\n<div class=\"wp-block-columns is-layout-flex wp-container-core-columns-is-layout-28f84493 wp-block-columns-is-layout-flex\">\n<div class=\"wp-block-column is-layout-flow wp-block-column-is-layout-flow\">\n<h2 class=\"wp-block-heading\">School service centres and school boards on the island of Montr\u00e9al<\/h2>\n\n\n\n<p><a rel=\"noreferrer noopener\" href=\"http:\/\/www.csdm.qc.ca\/\" target=\"_blank\">Centre de services scolaire de Montr\u00e9al<\/a><\/p>\n\n\n\n<p><a rel=\"noreferrer noopener\" href=\"http:\/\/www.csmb.qc.ca\/\" target=\"_blank\">Centre de services scolaire&nbsp;Marguerite-Bourgeoys<\/a><\/p>\n\n\n\n<p><a rel=\"noreferrer noopener\" href=\"https:\/\/www3.cspi.qc.ca\/\" target=\"_blank\">Centre de services scolaire&nbsp;de&nbsp;la Pointe-de-l\u2019\u00cele<\/a><\/p>\n\n\n\n<p><a rel=\"noreferrer noopener\" href=\"http:\/\/www.emsb.qc.ca\/\" target=\"_blank\">Commission scolaire English-Montr\u00e9al<\/a><\/p>\n\n\n\n<p><a rel=\"noreferrer noopener\" href=\"http:\/\/www.lbpsb.qc.ca\/\" target=\"_blank\">Commission scolaire Lester-B.-Pearson<\/a><\/p>\n<\/div>\n\n\n\n<div class=\"wp-block-column is-layout-flow wp-block-column-is-layout-flow\">\n<h2 class=\"wp-block-heading\">Other useful links <\/h2>\n\n\n\n<p><a href=\"https:\/\/www.qesba.qc.ca\/fr\/\" target=\"_blank\" rel=\"noreferrer noopener\">Association des commisions scolaires anglophones du Qu\u00e9bec<\/a><\/p>\n\n\n\n<p><a href=\"https:\/\/www.cse.gouv.qc.ca\/\" target=\"_blank\" rel=\"noopener\">Conseil sup\u00e9rieur de l&#8217;\u00e9ducation<\/a><\/p>\n\n\n\n<p><a href=\"https:\/\/www.fcssq.quebec\/\" target=\"_blank\" rel=\"noopener\">F\u00e9d\u00e9ration des centres de services scolaires du Qu\u00e9bec<\/a><\/p>\n\n\n\n<p><a href=\"http:\/\/www.education.gouv.qc.ca\/accueil\/\" target=\"_blank\" rel=\"noopener\">Minist\u00e8re de l&#8217;\u00c9ducation<\/a><\/p>\n\n\n\n<p><a href=\"https:\/\/www.reseaureussitemontreal.ca\/\" target=\"_blank\" rel=\"noopener\">R\u00e9seau r\u00e9ussite Montr\u00e9al<\/a><\/p>\n<\/div>\n<\/div>\n\n\n<\/div>\n\n                    \n","protected":false},"excerpt":{"rendered":"","protected":false},"author":1,"featured_media":0,"parent":0,"menu_order":0,"comment_status":"closed","ping_status":"closed","template":"","meta":{"_acf_changed":false,"footnotes":""},"class_list":["post-11","page","type-page","status-publish","hentry"],"acf":[],"_links":{"self":[{"href":"https:\/\/www.cgtsim.qc.ca\/en\/wp-json\/wp\/v2\/pages\/11","targetHints":{"allow":["GET"]}}],"collection":[{"href":"https:\/\/www.cgtsim.qc.ca\/en\/wp-json\/wp\/v2\/pages"}],"about":[{"href":"https:\/\/www.cgtsim.qc.ca\/en\/wp-json\/wp\/v2\/types\/page"}],"author":[{"embeddable":true,"href":"https:\/\/www.cgtsim.qc.ca\/en\/wp-json\/wp\/v2\/users\/1"}],"replies":[{"embeddable":true,"href":"https:\/\/www.cgtsim.qc.ca\/en\/wp-json\/wp\/v2\/comments?post=11"}],"version-history":[{"count":8,"href":"https:\/\/www.cgtsim.qc.ca\/en\/wp-json\/wp\/v2\/pages\/11\/revisions"}],"predecessor-version":[{"id":6362,"href":"https:\/\/www.cgtsim.qc.ca\/en\/wp-json\/wp\/v2\/pages\/11\/revisions\/6362"}],"wp:attachment":[{"href":"https:\/\/www.cgtsim.qc.ca\/en\/wp-json\/wp\/v2\/media?parent=11"}],"curies":[{"name":"wp","href":"https:\/\/api.w.org\/{rel}","templated":true}]}}