{"id":942,"date":"2021-06-29T16:52:21","date_gmt":"2021-06-29T20:52:21","guid":{"rendered":"https:\/\/www.cgtsim.qc.ca\/?page_id=942"},"modified":"2026-02-20T16:46:50","modified_gmt":"2026-02-20T20:46:50","slug":"school-tax-bill","status":"publish","type":"page","link":"https:\/\/www.cgtsim.qc.ca\/en\/school-tax\/school-tax-bill\/","title":{"rendered":"School tax bill"},"content":{"rendered":"\n<h2 class=\"wp-block-heading\" id=\"taux-taxe-scolaire\">School tax rate<\/h2>\n\n\n\n<p>The school tax rate for 2025-2026 is $0.08423 per $100 of assessment for all school service centres and school boards in Qu\u00e9bec. It was established by decision of the Minister of Education and published on June 15, 2025, in the <em>Gazette officielle du Qu\u00e9bec<\/em>.<\/p>\n\n\n\n<section class=\"back-top-block theme-block aligndefault\">\n      <div id=\"basic-exemption\" class=\"back-top-anchor\"><\/div>\n    <a class=\"back-top-button\" href=\"#main-content\">\n    <span>Back to top<\/span>\n  <\/a>\n<\/section>\n\n\n\n<h2 class=\"wp-block-heading\">Basic exemption<\/h2>\n\n\n\n<p>A basic annual exemption of $25,000 is applied to the assessed value of every unit of assessment.&nbsp;<\/p>\n\n\n\n<section class=\"back-top-block theme-block aligndefault\">\n      <div id=\"mailing-and-due-dates\" class=\"back-top-anchor\"><\/div>\n    <a class=\"back-top-button\" href=\"#main-content\">\n    <span>Back to top<\/span>\n  <\/a>\n<\/section>\n\n\n\n<h2 class=\"wp-block-heading\">Mailing and due dates<\/h2>\n\n\n\n<p>Each year after July 1<sup>st<\/sup>, the CGTSIM mails out school tax bills for all taxable properties within the territories served by the school service centres and school boards on the Island of Montr\u00e9al.<\/p>\n\n\n\n<p>School tax bills of $300 or more are payable in two instalments.<\/p>\n\n\n\n<p>The first instalment is payable on the 31<sup>st<\/sup> day following the mailing of the school tax bill, and the second instalment is payable on the 121<sup>st<\/sup> day following the mailing of the school tax bill.<\/p>\n\n\n\n<figure class=\"wp-block-table\"><table><tbody><tr><td><strong>Mailing date:&nbsp;&nbsp;<\/strong><\/td><td><strong>July 2, 2025<\/strong><\/td><\/tr><tr><td><strong>Due dates: &nbsp;<\/strong><\/td><td><strong>First instalment \u2013 August 4, 2025<\/strong><br><strong>Second instalment &#8211; October 31, 2025<\/strong><\/td><\/tr><\/tbody><\/table><\/figure>\n\n\n\n<p>The school tax bill includes two remittance stubs, one for each instalment.<\/p>\n\n\n\n<p><strong>No reminder notice is sent for the second instalment.<\/strong><\/p>\n\n\n\n<p>We recommend mailing two post-dated cheques with the two remittance stubs in the same envelope. The website of your financial institution can also be programmed to make your instalment payments at the appropriate times. Interest is charged if the instalments are not paid by their respective due dates.<\/p>\n\n\n\n<p>Supplemental school tax bills may be mailed out during the year following the issuing of assessment certificates and are payable on the due date printed on the bills.<\/p>\n\n\n\n<section class=\"back-top-block theme-block aligndefault\">\n      <div id=\"new-property-owners\" class=\"back-top-anchor\"><\/div>\n    <a class=\"back-top-button\" href=\"#main-content\">\n    <span>Back to top<\/span>\n  <\/a>\n<\/section>\n\n\n\n<h2 class=\"wp-block-heading\">New property owners<\/h2>\n\n\n\n<p><strong><mark style=\"background-color:rgba(0, 0, 0, 0)\" class=\"has-inline-color has-primary-color\">If you are a new property owner and the school tax bill you receive is in the name of the previous owner, this bill belongs to you: Please pay it to avoid interest charges. <\/mark><\/strong>Change of ownership occurs once an official certificate from your municipality\u2019s assessment department has been received. However, there may be a delay (from a few weeks to a few months) in obtaining or processing information related to the transfer of ownership. We thank you for your patience during the processing of the ownership change.<\/p>\n\n\n\n<p>It is also possible that the school tax bill for your new property was sent to the previous owner. You are still required to pay your bill by the due date. If you are a new homeowner and have not received a school tax bill, please <a href=\"https:\/\/www.cgtsim.qc.ca\/en\/school-tax-2\/\" data-type=\"link\" data-id=\"https:\/\/www.cgtsim.qc.ca\/en\/school-tax-2\/\">complete the following form<\/a> to notify us, or contact our customer service at 514 384-5034.<\/p>\n\n\n\n<div class=\"wp-block-group is-nowrap is-layout-flex wp-container-core-group-is-layout-6c531013 wp-block-group-is-layout-flex\">\n<p><strong><mark style=\"background-color:rgba(0, 0, 0, 0)\" class=\"has-inline-color has-primary-color\">If you receive the school tax bill for a property you have sold, please take one of the following actions:<\/mark><\/strong><\/p>\n<\/div>\n\n\n\n<p><strong>Option 1 (preferred)<\/strong><br>Forward the school tax bill to the new owner as soon as possible (in person or electronically).<\/p>\n\n\n\n<p><strong>OR<\/strong><\/p>\n\n\n\n<p><strong>Option 2 (if option 1 is not possible)<\/strong><\/p>\n\n\n\n<ul class=\"wp-block-list\">\n<li>Return us the school tax bill in the original envelope, clearly indicating: \u201cReturn to sender\u201d and \u201cProperty sold\u201d<\/li>\n\n\n\n<li><strong>OR<\/strong> notify us by email at <a>school.tax@cgtsim.qc.ca<\/a>, specifying that the property has been sold.<\/li>\n<\/ul>\n\n\n\n<section class=\"back-top-block theme-block aligndefault\">\n      <div id=\"language-of-correspondence\" class=\"back-top-anchor\"><\/div>\n    <a class=\"back-top-button\" href=\"#main-content\">\n    <span>Back to top<\/span>\n  <\/a>\n<\/section>\n\n\n\n<h2 class=\"wp-block-heading\">Language of correspondence<\/h2>\n\n\n\n<p>The CGTSIM issues school tax bills in French. At the taxpayer\u2019s request, an English-language version may be requested in accordance with the <em>Charter of the French Language.<\/em> This option is available to individuals only, not corporations.<\/p>\n\n\n\n<p>To change the language of correspondence of your school tax bill, please <a href=\"https:\/\/www.cgtsim.qc.ca\/en\/school-tax-2\/\" data-type=\"link\" data-id=\"https:\/\/www.cgtsim.qc.ca\/en\/school-tax-2\/\">contact our customer service<\/a>.<\/p>\n\n\n\n<section class=\"back-top-block theme-block aligndefault\">\n      <div id=\"municipal-assessment-roll\" class=\"back-top-anchor\"><\/div>\n    <a class=\"back-top-button\" href=\"#main-content\">\n    <span>Back to top<\/span>\n  <\/a>\n<\/section>\n\n\n\n<h2 class=\"wp-block-heading\">Municipal assessment roll <\/h2>\n\n\n\n<p>The school tax is based on the adjusted standardized value of your property. This is obtained by averaging the variation in taxable values resulting from the coming into force of the roll. Only municipalities have jurisdiction in the matter of assessment.<\/p>\n\n\n\n<p>The increase or decrease in the value entered on the new assessment roll compared to that on the previous roll is averaged over the length of the roll, which is generally three years.<\/p>\n\n\n\n<ul class=\"wp-block-list\">\n<li><a href=\"https:\/\/www.cgtsim.qc.ca\/taxes-scolaire\/#villes\">Municipalities&#8217; list<\/a><\/li>\n<\/ul>\n\n\n\n<p>Example :<\/p>\n\n\n\n<figure class=\"wp-block-table\"><table><tbody><tr><td>Value on preceding roll<\/td><td>$100,000<\/td><\/tr><tr><td>Value on new roll<\/td><td>$130,000<\/td><\/tr><tr><td>Increase in value<\/td><td>$ 30,000<\/td><\/tr><tr><td>Duration of roll<\/td><td>3 years<\/td><\/tr><tr><td>Average increase per year<\/td><td>$10,000<\/td><\/tr><tr><td>Adjusted taxable value for school tax purposes<\/td><td>&nbsp;<\/td><\/tr><tr><td>Year 1<\/td><td>$110,000<\/td><\/tr><tr><td>Year 2<\/td><td>$120,000<\/td><\/tr><tr><td>Year 3<\/td><td>$130,000<\/td><\/tr><\/tbody><\/table><\/figure>\n\n\n\n<p>For further information regarding the assessment of your property, please contact the municipality in which it is located.<\/p>\n\n\n\n<section class=\"back-top-block theme-block aligndefault\">\n      <div id=\"taxing-neutrals\" class=\"back-top-anchor\"><\/div>\n    <a class=\"back-top-button\" href=\"#main-content\">\n    <span>Back to top<\/span>\n  <\/a>\n<\/section>\n\n\n\n<h2 class=\"wp-block-heading\">Taxing neutrals<\/h2>\n\n\n\n<p>The percentage breakdown of school tax bills applies only to properties in the territory of Harwood owned by \u201cneutral\u201d owners and is used to divide the school tax between the CGTSIM and the Centre de services scolaire des Trois-Lacs, both of which have jurisdiction in this area. The percentages for 2025-2026 year are established based on the number of students in the territory served by the two organizations:<\/p>\n\n\n\n<figure class=\"wp-block-table\"><table><tbody><tr><td>Centre de services scolaire des Trois-Lacs<\/td><td>75.7%<\/td><\/tr><tr><td>Comit\u00e9 de gestion de la taxe scolaire de l&#8217;\u00eele de Montr\u00e9al<\/td><td>24.3%<\/td><\/tr><\/tbody><\/table><\/figure>\n\n\n\n<section class=\"back-top-block theme-block aligndefault\">\n      <div id=\"previous-balance\" class=\"back-top-anchor\"><\/div>\n    <a class=\"back-top-button\" href=\"#main-content\">\n    <span>Back to top<\/span>\n  <\/a>\n<\/section>\n\n\n\n<h2 class=\"wp-block-heading\">Previous balance<\/h2>\n\n\n\n<p>The previous balance shown on the school tax bill is the amount of the school tax plus outstanding interest on the date the bill was printed.<\/p>\n\n\n\n<p>Since arrears were calculated as of the printing date, payments made and amounts payable after that date are not included in the calculation of arrears.<\/p>\n\n\n\n<section class=\"back-top-block theme-block aligndefault\">\n      <div id=\"interest-charges\" class=\"back-top-anchor\"><\/div>\n    <a class=\"back-top-button\" href=\"#main-content\">\n    <span>Back to top<\/span>\n  <\/a>\n<\/section>\n\n\n\n<h2 class=\"wp-block-heading\">Interest charges<\/h2>\n\n\n\n<p>Interest is payable on school taxes at the rate applicable under the first paragraph of section 28 of the <em>Tax Administration <\/em><em>Act<\/em>. &nbsp;Every tax bill clearly states the applicable interest rate and the fact that it may be changed without notice.<\/p>\n\n\n\n<p>Interest is added automatically to any bill not paid by the due date. Interest is calculated daily.<\/p>\n\n\n\n<p>The <em>Education Act<\/em> specifies that no payment of school taxes or interest may be waived.<\/p>\n\n\n\n<p>A property owner with serious grounds to believe that interest charges have been wrongfully added to their account should send a written request to have their account reviewed, provide their name, address, and account number, explain the reasons for their request, and attach supporting evidence.<\/p>\n\n\n\n<p>The owner must pay their bill before their account will be reviewed.<\/p>\n\n\n\n<p>For an interest dispute request, please complete and submit the <a href=\"https:\/\/www.cgtsim.qc.ca\/en\/school-tax-2\/\" data-type=\"link\" data-id=\"https:\/\/www.cgtsim.qc.ca\/en\/school-tax-2\/\">following form<\/a>, clearly indicating that it is an interest dispute.<\/p>\n\n\n\n<section class=\"back-top-block theme-block aligndefault\">\n      <div id=\"new-owners\" class=\"back-top-anchor\"><\/div>\n    <a class=\"back-top-button\" href=\"#main-content\">\n    <span>Back to top<\/span>\n  <\/a>\n<\/section>\n\n\n\n<h2 class=\"wp-block-heading\">Mortgagee<\/h2>\n\n\n\n<p>A copy of the school tax bill will be sent to the mortgagee only if their name appears on the account. If they are not registered, they will not be notified of payments to be made.<\/p>\n\n\n\n<p>It is the owner\u2019s responsibility to ensure that their school tax bill is paid. They must take the necessary steps to ensure that the mortgagee makes the required payments on their behalf.<\/p>\n\n\n\n<section class=\"back-top-block theme-block aligndefault\">\n    <a class=\"back-top-button\" href=\"#main-content\">\n    <span>Back to top<\/span>\n  <\/a>\n<\/section>\n","protected":false},"excerpt":{"rendered":"<p>School tax rate The school tax rate for 2025-2026 is $0.08423 per $100 of assessment for all school service centres and school boards in Qu\u00e9bec. It was established by decision of the Minister of Education and published on June 15, 2025, in the Gazette officielle du Qu\u00e9bec. Basic exemption A basic annual exemption of $25,000 &hellip; <a href=\"https:\/\/www.cgtsim.qc.ca\/en\/school-tax\/school-tax-bill\/\">Continued<\/a><\/p>\n","protected":false},"author":1,"featured_media":0,"parent":904,"menu_order":0,"comment_status":"closed","ping_status":"closed","template":"","meta":{"_acf_changed":false,"footnotes":""},"class_list":["post-942","page","type-page","status-publish","hentry"],"acf":[],"_links":{"self":[{"href":"https:\/\/www.cgtsim.qc.ca\/en\/wp-json\/wp\/v2\/pages\/942","targetHints":{"allow":["GET"]}}],"collection":[{"href":"https:\/\/www.cgtsim.qc.ca\/en\/wp-json\/wp\/v2\/pages"}],"about":[{"href":"https:\/\/www.cgtsim.qc.ca\/en\/wp-json\/wp\/v2\/types\/page"}],"author":[{"embeddable":true,"href":"https:\/\/www.cgtsim.qc.ca\/en\/wp-json\/wp\/v2\/users\/1"}],"replies":[{"embeddable":true,"href":"https:\/\/www.cgtsim.qc.ca\/en\/wp-json\/wp\/v2\/comments?post=942"}],"version-history":[{"count":8,"href":"https:\/\/www.cgtsim.qc.ca\/en\/wp-json\/wp\/v2\/pages\/942\/revisions"}],"predecessor-version":[{"id":6321,"href":"https:\/\/www.cgtsim.qc.ca\/en\/wp-json\/wp\/v2\/pages\/942\/revisions\/6321"}],"up":[{"embeddable":true,"href":"https:\/\/www.cgtsim.qc.ca\/en\/wp-json\/wp\/v2\/pages\/904"}],"wp:attachment":[{"href":"https:\/\/www.cgtsim.qc.ca\/en\/wp-json\/wp\/v2\/media?parent=942"}],"curies":[{"name":"wp","href":"https:\/\/api.w.org\/{rel}","templated":true}]}}